{"id":129,"date":"2023-12-14T20:00:15","date_gmt":"2023-12-15T01:00:15","guid":{"rendered":"https:\/\/laminedart.ca\/?page_id=129"},"modified":"2024-08-16T10:17:40","modified_gmt":"2024-08-16T14:17:40","slug":"129-2","status":"publish","type":"page","link":"https:\/\/laminedart.ca\/","title":{"rendered":"Accueil"},"content":{"rendered":"\t\t<div data-elementor-type=\"wp-page\" data-elementor-id=\"129\" class=\"elementor elementor-129\">\n\t\t\t\t<div class=\"elementor-element elementor-element-f72ca1c e-flex e-con-boxed e-con e-parent\" data-id=\"f72ca1c\" data-element_type=\"container\" data-e-type=\"container\">\n\t\t\t\t\t<div class=\"e-con-inner\">\n\t\t\t\t<div class=\"elementor-element elementor-element-a5916f4 elementor-widget elementor-widget-heading\" data-id=\"a5916f4\" data-element_type=\"widget\" data-e-type=\"widget\" data-widget_type=\"heading.default\">\n\t\t\t\t<div class=\"elementor-widget-container\">\n\t\t\t\t\t<h2 class=\"elementor-heading-title elementor-size-default\">Site en construction<\/h2>\t\t\t\t<\/div>\n\t\t\t\t<\/div>\n\t\t\t\t<div class=\"elementor-element elementor-element-1ed8684 elementor-widget elementor-widget-text-editor\" data-id=\"1ed8684\" data-element_type=\"widget\" data-e-type=\"widget\" data-widget_type=\"text-editor.default\">\n\t\t\t\t<div class=\"elementor-widget-container\">\n\t\t\t\t\t\t\t\t\t<p><strong>Sp\u00e9cialiste en location de D\u00e9cors pour le cin\u00e9ma<br \/><\/strong><\/p><p>-Cadres<\/p><p>-Image<\/p><p>-Impression<\/p><p>\u00a0<\/p>\t\t\t\t\t\t\t\t<\/div>\n\t\t\t\t<\/div>\n\t\t\t\t\t<\/div>\n\t\t\t\t<\/div>\n\t\t<div class=\"elementor-element elementor-element-f9bc2cd e-flex e-con-boxed e-con e-parent\" data-id=\"f9bc2cd\" data-element_type=\"container\" data-e-type=\"container\" data-settings=\"{&quot;background_background&quot;:&quot;classic&quot;}\">\n\t\t\t\t\t<div class=\"e-con-inner\">\n\t\t\t\t<div class=\"elementor-element elementor-element-1573954 elementor-widget elementor-widget-heading\" data-id=\"1573954\" data-element_type=\"widget\" data-e-type=\"widget\" data-widget_type=\"heading.default\">\n\t\t\t\t<div class=\"elementor-widget-container\">\n\t\t\t\t\t<h2 class=\"elementor-heading-title elementor-size-default\">Les nouveaut\u00e9s !!<\/h2>\t\t\t\t<\/div>\n\t\t\t\t<\/div>\n\t\t\t\t\t<\/div>\n\t\t\t\t<\/div>\n\t\t<div class=\"elementor-element elementor-element-d3c681a e-flex e-con-boxed e-con e-parent\" data-id=\"d3c681a\" data-element_type=\"container\" data-e-type=\"container\">\n\t\t\t\t\t<div class=\"e-con-inner\">\n\t\t\t\t<div class=\"elementor-element elementor-element-2f1e5b3 elementor-widget elementor-widget-shortcode\" data-id=\"2f1e5b3\" data-element_type=\"widget\" data-e-type=\"widget\" data-widget_type=\"shortcode.default\">\n\t\t\t\t<div class=\"elementor-widget-container\">\n\t\t\t\t\t\t\t<div class=\"elementor-shortcode\"><div class=\"woocommerce columns-4 \">\r\n<ul class=\"products oceanwp-row clr grid mobile-col mobile-2-col\">\r\n<li class=\"entry has-media has-product-nav col span_1_of_4 owp-content-center owp-thumbs-layout-horizontal owp-btn-normal owp-tabs-layout-horizontal product type-product post-670 status-publish first instock product_cat-cadre product_cat-vide product_tag-cadre has-post-thumbnail taxable shipping-taxable purchasable product-type-simple\">\n\t<div class=\"product-inner clr\">\r\n\t<div class=\"woo-entry-image-swap woo-entry-image clr\">\r\n\t\t<a href=\"https:\/\/laminedart.ca\/?product=cadre-00100\" class=\"woocommerce-LoopProduct-link\"><img fetchpriority=\"high\" decoding=\"async\" width=\"300\" height=\"300\" src=\"https:\/\/laminedart.ca\/wp-content\/uploads\/2024\/08\/100CU-1-300x300.jpg\" class=\"woo-entry-image-main\" alt=\"Cadre 00100\" itemprop=\"image\" srcset=\"https:\/\/laminedart.ca\/wp-content\/uploads\/2024\/08\/100CU-1-300x300.jpg 300w, https:\/\/laminedart.ca\/wp-content\/uploads\/2024\/08\/100CU-1-1024x1024.jpg 1024w, https:\/\/laminedart.ca\/wp-content\/uploads\/2024\/08\/100CU-1-150x150.jpg 150w, https:\/\/laminedart.ca\/wp-content\/uploads\/2024\/08\/100CU-1-768x768.jpg 768w, https:\/\/laminedart.ca\/wp-content\/uploads\/2024\/08\/100CU-1-600x600.jpg 600w, https:\/\/laminedart.ca\/wp-content\/uploads\/2024\/08\/100CU-1-100x100.jpg 100w, https:\/\/laminedart.ca\/wp-content\/uploads\/2024\/08\/100CU-1.jpg 1478w\" sizes=\"(max-width: 300px) 100vw, 300px\" \/><img decoding=\"async\" width=\"300\" height=\"300\" src=\"https:\/\/laminedart.ca\/wp-content\/uploads\/2024\/08\/100-1-300x300.jpg\" class=\"woo-entry-image-secondary\" alt=\"Cadre 00100\" itemprop=\"image\" srcset=\"https:\/\/laminedart.ca\/wp-content\/uploads\/2024\/08\/100-1-300x300.jpg 300w, https:\/\/laminedart.ca\/wp-content\/uploads\/2024\/08\/100-1-150x150.jpg 150w, https:\/\/laminedart.ca\/wp-content\/uploads\/2024\/08\/100-1-600x600.jpg 600w, https:\/\/laminedart.ca\/wp-content\/uploads\/2024\/08\/100-1-100x100.jpg 100w\" sizes=\"(max-width: 300px) 100vw, 300px\" \/><\/a><a href=\"#\" id=\"product_id_670\" class=\"owp-quick-view\" data-product_id=\"670\" aria-label=\"Quickly preview product Cadre 00100\"><i class=\" icon-eye\" aria-hidden=\"true\" role=\"img\"><\/i> Vue rapide<\/a>\t<\/div><!-- .woo-entry-image-swap -->\r\n\r\n<ul class=\"woo-entry-inner clr\"><li class=\"image-wrap\">\r\n\t<div class=\"woo-entry-image-swap woo-entry-image clr\">\r\n\t\t<a href=\"https:\/\/laminedart.ca\/?product=cadre-00100\" class=\"woocommerce-LoopProduct-link\"><img fetchpriority=\"high\" decoding=\"async\" width=\"300\" height=\"300\" src=\"https:\/\/laminedart.ca\/wp-content\/uploads\/2024\/08\/100CU-1-300x300.jpg\" class=\"woo-entry-image-main\" alt=\"Cadre 00100\" itemprop=\"image\" srcset=\"https:\/\/laminedart.ca\/wp-content\/uploads\/2024\/08\/100CU-1-300x300.jpg 300w, https:\/\/laminedart.ca\/wp-content\/uploads\/2024\/08\/100CU-1-1024x1024.jpg 1024w, https:\/\/laminedart.ca\/wp-content\/uploads\/2024\/08\/100CU-1-150x150.jpg 150w, https:\/\/laminedart.ca\/wp-content\/uploads\/2024\/08\/100CU-1-768x768.jpg 768w, https:\/\/laminedart.ca\/wp-content\/uploads\/2024\/08\/100CU-1-600x600.jpg 600w, https:\/\/laminedart.ca\/wp-content\/uploads\/2024\/08\/100CU-1-100x100.jpg 100w, https:\/\/laminedart.ca\/wp-content\/uploads\/2024\/08\/100CU-1.jpg 1478w\" sizes=\"(max-width: 300px) 100vw, 300px\" \/><img decoding=\"async\" width=\"300\" height=\"300\" src=\"https:\/\/laminedart.ca\/wp-content\/uploads\/2024\/08\/100-1-300x300.jpg\" class=\"woo-entry-image-secondary\" alt=\"Cadre 00100\" itemprop=\"image\" srcset=\"https:\/\/laminedart.ca\/wp-content\/uploads\/2024\/08\/100-1-300x300.jpg 300w, https:\/\/laminedart.ca\/wp-content\/uploads\/2024\/08\/100-1-150x150.jpg 150w, https:\/\/laminedart.ca\/wp-content\/uploads\/2024\/08\/100-1-600x600.jpg 600w, https:\/\/laminedart.ca\/wp-content\/uploads\/2024\/08\/100-1-100x100.jpg 100w\" sizes=\"(max-width: 300px) 100vw, 300px\" \/><\/a><a href=\"#\" id=\"product_id_670\" class=\"owp-quick-view\" data-product_id=\"670\" aria-label=\"Quickly preview product Cadre 00100\"><i class=\" icon-eye\" aria-hidden=\"true\" role=\"img\"><\/i> Vue rapide<\/a>\t<\/div><!-- .woo-entry-image-swap -->\r\n\r\n<\/li><li class=\"title\"><h2><a href=\"https:\/\/laminedart.ca\/?product=cadre-00100\">Cadre 00100<\/a><\/h2><\/li><\/ul><\/div><!-- .product-inner .clr --><\/li>\n<li class=\"entry has-media has-product-nav col span_1_of_4 owp-content-center owp-thumbs-layout-horizontal owp-btn-normal owp-tabs-layout-horizontal product type-product post-669 status-publish instock product_cat-cadre product_cat-vide product_tag-cadre has-post-thumbnail taxable shipping-taxable purchasable product-type-simple\">\n\t<div class=\"product-inner clr\">\r\n\t<div class=\"woo-entry-image-swap woo-entry-image clr\">\r\n\t\t<a href=\"https:\/\/laminedart.ca\/?product=cadre-0099\" class=\"woocommerce-LoopProduct-link\"><img decoding=\"async\" width=\"300\" height=\"300\" src=\"https:\/\/laminedart.ca\/wp-content\/uploads\/2024\/08\/099CU-300x300.jpg\" class=\"woo-entry-image-main\" alt=\"Cadre 0099\" itemprop=\"image\" srcset=\"https:\/\/laminedart.ca\/wp-content\/uploads\/2024\/08\/099CU-300x300.jpg 300w, https:\/\/laminedart.ca\/wp-content\/uploads\/2024\/08\/099CU-1024x1024.jpg 1024w, https:\/\/laminedart.ca\/wp-content\/uploads\/2024\/08\/099CU-150x150.jpg 150w, https:\/\/laminedart.ca\/wp-content\/uploads\/2024\/08\/099CU-768x768.jpg 768w, https:\/\/laminedart.ca\/wp-content\/uploads\/2024\/08\/099CU-600x600.jpg 600w, https:\/\/laminedart.ca\/wp-content\/uploads\/2024\/08\/099CU-100x100.jpg 100w, https:\/\/laminedart.ca\/wp-content\/uploads\/2024\/08\/099CU.jpg 1244w\" sizes=\"(max-width: 300px) 100vw, 300px\" \/><img loading=\"lazy\" decoding=\"async\" width=\"300\" height=\"300\" src=\"https:\/\/laminedart.ca\/wp-content\/uploads\/2024\/08\/099-300x300.jpg\" class=\"woo-entry-image-secondary\" alt=\"Cadre 0099\" itemprop=\"image\" srcset=\"https:\/\/laminedart.ca\/wp-content\/uploads\/2024\/08\/099-300x300.jpg 300w, https:\/\/laminedart.ca\/wp-content\/uploads\/2024\/08\/099-150x150.jpg 150w, https:\/\/laminedart.ca\/wp-content\/uploads\/2024\/08\/099-600x600.jpg 600w, https:\/\/laminedart.ca\/wp-content\/uploads\/2024\/08\/099-100x100.jpg 100w\" sizes=\"(max-width: 300px) 100vw, 300px\" \/><\/a><a href=\"#\" id=\"product_id_669\" class=\"owp-quick-view\" data-product_id=\"669\" aria-label=\"Quickly preview product Cadre 0099\"><i class=\" icon-eye\" aria-hidden=\"true\" role=\"img\"><\/i> Vue rapide<\/a>\t<\/div><!-- .woo-entry-image-swap -->\r\n\r\n<ul class=\"woo-entry-inner clr\"><li class=\"image-wrap\">\r\n\t<div class=\"woo-entry-image-swap woo-entry-image clr\">\r\n\t\t<a href=\"https:\/\/laminedart.ca\/?product=cadre-0099\" class=\"woocommerce-LoopProduct-link\"><img decoding=\"async\" width=\"300\" height=\"300\" src=\"https:\/\/laminedart.ca\/wp-content\/uploads\/2024\/08\/099CU-300x300.jpg\" class=\"woo-entry-image-main\" alt=\"Cadre 0099\" itemprop=\"image\" srcset=\"https:\/\/laminedart.ca\/wp-content\/uploads\/2024\/08\/099CU-300x300.jpg 300w, https:\/\/laminedart.ca\/wp-content\/uploads\/2024\/08\/099CU-1024x1024.jpg 1024w, https:\/\/laminedart.ca\/wp-content\/uploads\/2024\/08\/099CU-150x150.jpg 150w, https:\/\/laminedart.ca\/wp-content\/uploads\/2024\/08\/099CU-768x768.jpg 768w, https:\/\/laminedart.ca\/wp-content\/uploads\/2024\/08\/099CU-600x600.jpg 600w, https:\/\/laminedart.ca\/wp-content\/uploads\/2024\/08\/099CU-100x100.jpg 100w, https:\/\/laminedart.ca\/wp-content\/uploads\/2024\/08\/099CU.jpg 1244w\" sizes=\"(max-width: 300px) 100vw, 300px\" \/><img loading=\"lazy\" decoding=\"async\" width=\"300\" height=\"300\" src=\"https:\/\/laminedart.ca\/wp-content\/uploads\/2024\/08\/099-300x300.jpg\" class=\"woo-entry-image-secondary\" alt=\"Cadre 0099\" itemprop=\"image\" srcset=\"https:\/\/laminedart.ca\/wp-content\/uploads\/2024\/08\/099-300x300.jpg 300w, https:\/\/laminedart.ca\/wp-content\/uploads\/2024\/08\/099-150x150.jpg 150w, https:\/\/laminedart.ca\/wp-content\/uploads\/2024\/08\/099-600x600.jpg 600w, https:\/\/laminedart.ca\/wp-content\/uploads\/2024\/08\/099-100x100.jpg 100w\" sizes=\"(max-width: 300px) 100vw, 300px\" \/><\/a><a href=\"#\" id=\"product_id_669\" class=\"owp-quick-view\" data-product_id=\"669\" aria-label=\"Quickly preview product Cadre 0099\"><i class=\" icon-eye\" aria-hidden=\"true\" role=\"img\"><\/i> Vue rapide<\/a>\t<\/div><!-- .woo-entry-image-swap -->\r\n\r\n<\/li><li class=\"title\"><h2><a href=\"https:\/\/laminedart.ca\/?product=cadre-0099\">Cadre 0099<\/a><\/h2><\/li><\/ul><\/div><!-- .product-inner .clr --><\/li>\n<li class=\"entry has-media has-product-nav col span_1_of_4 owp-content-center owp-thumbs-layout-horizontal owp-btn-normal owp-tabs-layout-horizontal product type-product post-668 status-publish instock product_cat-cadre product_cat-vide product_tag-cadre has-post-thumbnail taxable shipping-taxable purchasable product-type-simple\">\n\t<div class=\"product-inner clr\">\r\n\t<div class=\"woo-entry-image-swap woo-entry-image clr\">\r\n\t\t<a href=\"https:\/\/laminedart.ca\/?product=cadre-0098\" class=\"woocommerce-LoopProduct-link\"><img loading=\"lazy\" decoding=\"async\" width=\"300\" height=\"300\" src=\"https:\/\/laminedart.ca\/wp-content\/uploads\/2024\/08\/098CU-300x300.jpg\" class=\"woo-entry-image-main\" alt=\"Cadre 0098\" itemprop=\"image\" srcset=\"https:\/\/laminedart.ca\/wp-content\/uploads\/2024\/08\/098CU-300x300.jpg 300w, https:\/\/laminedart.ca\/wp-content\/uploads\/2024\/08\/098CU-150x150.jpg 150w, https:\/\/laminedart.ca\/wp-content\/uploads\/2024\/08\/098CU-768x768.jpg 768w, https:\/\/laminedart.ca\/wp-content\/uploads\/2024\/08\/098CU-600x600.jpg 600w, https:\/\/laminedart.ca\/wp-content\/uploads\/2024\/08\/098CU-100x100.jpg 100w, https:\/\/laminedart.ca\/wp-content\/uploads\/2024\/08\/098CU.jpg 836w\" sizes=\"(max-width: 300px) 100vw, 300px\" \/><img loading=\"lazy\" decoding=\"async\" width=\"300\" height=\"300\" src=\"https:\/\/laminedart.ca\/wp-content\/uploads\/2024\/08\/098-300x300.jpg\" class=\"woo-entry-image-secondary\" alt=\"Cadre 0098\" itemprop=\"image\" srcset=\"https:\/\/laminedart.ca\/wp-content\/uploads\/2024\/08\/098-300x300.jpg 300w, https:\/\/laminedart.ca\/wp-content\/uploads\/2024\/08\/098-150x150.jpg 150w, https:\/\/laminedart.ca\/wp-content\/uploads\/2024\/08\/098-600x600.jpg 600w, https:\/\/laminedart.ca\/wp-content\/uploads\/2024\/08\/098-100x100.jpg 100w\" sizes=\"(max-width: 300px) 100vw, 300px\" \/><\/a><a href=\"#\" id=\"product_id_668\" class=\"owp-quick-view\" data-product_id=\"668\" aria-label=\"Quickly preview product Cadre 0098\"><i class=\" icon-eye\" aria-hidden=\"true\" role=\"img\"><\/i> Vue rapide<\/a>\t<\/div><!-- .woo-entry-image-swap -->\r\n\r\n<ul class=\"woo-entry-inner clr\"><li class=\"image-wrap\">\r\n\t<div class=\"woo-entry-image-swap woo-entry-image clr\">\r\n\t\t<a href=\"https:\/\/laminedart.ca\/?product=cadre-0098\" class=\"woocommerce-LoopProduct-link\"><img loading=\"lazy\" decoding=\"async\" width=\"300\" height=\"300\" src=\"https:\/\/laminedart.ca\/wp-content\/uploads\/2024\/08\/098CU-300x300.jpg\" class=\"woo-entry-image-main\" alt=\"Cadre 0098\" itemprop=\"image\" srcset=\"https:\/\/laminedart.ca\/wp-content\/uploads\/2024\/08\/098CU-300x300.jpg 300w, https:\/\/laminedart.ca\/wp-content\/uploads\/2024\/08\/098CU-150x150.jpg 150w, https:\/\/laminedart.ca\/wp-content\/uploads\/2024\/08\/098CU-768x768.jpg 768w, https:\/\/laminedart.ca\/wp-content\/uploads\/2024\/08\/098CU-600x600.jpg 600w, https:\/\/laminedart.ca\/wp-content\/uploads\/2024\/08\/098CU-100x100.jpg 100w, https:\/\/laminedart.ca\/wp-content\/uploads\/2024\/08\/098CU.jpg 836w\" sizes=\"(max-width: 300px) 100vw, 300px\" \/><img loading=\"lazy\" decoding=\"async\" width=\"300\" height=\"300\" src=\"https:\/\/laminedart.ca\/wp-content\/uploads\/2024\/08\/098-300x300.jpg\" class=\"woo-entry-image-secondary\" alt=\"Cadre 0098\" itemprop=\"image\" srcset=\"https:\/\/laminedart.ca\/wp-content\/uploads\/2024\/08\/098-300x300.jpg 300w, https:\/\/laminedart.ca\/wp-content\/uploads\/2024\/08\/098-150x150.jpg 150w, https:\/\/laminedart.ca\/wp-content\/uploads\/2024\/08\/098-600x600.jpg 600w, https:\/\/laminedart.ca\/wp-content\/uploads\/2024\/08\/098-100x100.jpg 100w\" sizes=\"(max-width: 300px) 100vw, 300px\" \/><\/a><a href=\"#\" id=\"product_id_668\" class=\"owp-quick-view\" data-product_id=\"668\" aria-label=\"Quickly preview product Cadre 0098\"><i class=\" icon-eye\" aria-hidden=\"true\" role=\"img\"><\/i> Vue rapide<\/a>\t<\/div><!-- .woo-entry-image-swap -->\r\n\r\n<\/li><li class=\"title\"><h2><a href=\"https:\/\/laminedart.ca\/?product=cadre-0098\">Cadre 0098<\/a><\/h2><\/li><\/ul><\/div><!-- .product-inner .clr --><\/li>\n<li class=\"entry has-media has-product-nav col span_1_of_4 owp-content-center owp-thumbs-layout-horizontal owp-btn-normal owp-tabs-layout-horizontal product type-product post-667 status-publish last instock product_cat-cadre product_cat-vide product_tag-cadre has-post-thumbnail taxable shipping-taxable purchasable product-type-simple\">\n\t<div class=\"product-inner clr\">\r\n\t<div class=\"woo-entry-image-swap woo-entry-image clr\">\r\n\t\t<a href=\"https:\/\/laminedart.ca\/?product=cadre-0097\" class=\"woocommerce-LoopProduct-link\"><img loading=\"lazy\" decoding=\"async\" width=\"300\" height=\"300\" src=\"https:\/\/laminedart.ca\/wp-content\/uploads\/2024\/08\/097CU-300x300.jpg\" class=\"woo-entry-image-main\" alt=\"Cadre 0097\" itemprop=\"image\" srcset=\"https:\/\/laminedart.ca\/wp-content\/uploads\/2024\/08\/097CU-300x300.jpg 300w, https:\/\/laminedart.ca\/wp-content\/uploads\/2024\/08\/097CU-1024x1024.jpg 1024w, https:\/\/laminedart.ca\/wp-content\/uploads\/2024\/08\/097CU-150x150.jpg 150w, https:\/\/laminedart.ca\/wp-content\/uploads\/2024\/08\/097CU-768x768.jpg 768w, https:\/\/laminedart.ca\/wp-content\/uploads\/2024\/08\/097CU-600x600.jpg 600w, https:\/\/laminedart.ca\/wp-content\/uploads\/2024\/08\/097CU-100x100.jpg 100w, https:\/\/laminedart.ca\/wp-content\/uploads\/2024\/08\/097CU.jpg 1492w\" sizes=\"(max-width: 300px) 100vw, 300px\" \/><img loading=\"lazy\" decoding=\"async\" width=\"300\" height=\"300\" src=\"https:\/\/laminedart.ca\/wp-content\/uploads\/2024\/08\/097-300x300.jpg\" class=\"woo-entry-image-secondary\" alt=\"Cadre 0097\" itemprop=\"image\" srcset=\"https:\/\/laminedart.ca\/wp-content\/uploads\/2024\/08\/097-300x300.jpg 300w, https:\/\/laminedart.ca\/wp-content\/uploads\/2024\/08\/097-150x150.jpg 150w, https:\/\/laminedart.ca\/wp-content\/uploads\/2024\/08\/097-600x600.jpg 600w, https:\/\/laminedart.ca\/wp-content\/uploads\/2024\/08\/097-100x100.jpg 100w\" sizes=\"(max-width: 300px) 100vw, 300px\" \/><\/a><a href=\"#\" id=\"product_id_667\" class=\"owp-quick-view\" data-product_id=\"667\" aria-label=\"Quickly preview product Cadre 0097\"><i class=\" icon-eye\" aria-hidden=\"true\" role=\"img\"><\/i> Vue rapide<\/a>\t<\/div><!-- .woo-entry-image-swap -->\r\n\r\n<ul class=\"woo-entry-inner clr\"><li class=\"image-wrap\">\r\n\t<div class=\"woo-entry-image-swap woo-entry-image clr\">\r\n\t\t<a href=\"https:\/\/laminedart.ca\/?product=cadre-0097\" class=\"woocommerce-LoopProduct-link\"><img loading=\"lazy\" decoding=\"async\" width=\"300\" height=\"300\" src=\"https:\/\/laminedart.ca\/wp-content\/uploads\/2024\/08\/097CU-300x300.jpg\" class=\"woo-entry-image-main\" alt=\"Cadre 0097\" itemprop=\"image\" srcset=\"https:\/\/laminedart.ca\/wp-content\/uploads\/2024\/08\/097CU-300x300.jpg 300w, https:\/\/laminedart.ca\/wp-content\/uploads\/2024\/08\/097CU-1024x1024.jpg 1024w, https:\/\/laminedart.ca\/wp-content\/uploads\/2024\/08\/097CU-150x150.jpg 150w, https:\/\/laminedart.ca\/wp-content\/uploads\/2024\/08\/097CU-768x768.jpg 768w, https:\/\/laminedart.ca\/wp-content\/uploads\/2024\/08\/097CU-600x600.jpg 600w, https:\/\/laminedart.ca\/wp-content\/uploads\/2024\/08\/097CU-100x100.jpg 100w, https:\/\/laminedart.ca\/wp-content\/uploads\/2024\/08\/097CU.jpg 1492w\" sizes=\"(max-width: 300px) 100vw, 300px\" \/><img loading=\"lazy\" decoding=\"async\" width=\"300\" height=\"300\" src=\"https:\/\/laminedart.ca\/wp-content\/uploads\/2024\/08\/097-300x300.jpg\" class=\"woo-entry-image-secondary\" alt=\"Cadre 0097\" itemprop=\"image\" srcset=\"https:\/\/laminedart.ca\/wp-content\/uploads\/2024\/08\/097-300x300.jpg 300w, https:\/\/laminedart.ca\/wp-content\/uploads\/2024\/08\/097-150x150.jpg 150w, https:\/\/laminedart.ca\/wp-content\/uploads\/2024\/08\/097-600x600.jpg 600w, https:\/\/laminedart.ca\/wp-content\/uploads\/2024\/08\/097-100x100.jpg 100w\" sizes=\"(max-width: 300px) 100vw, 300px\" \/><\/a><a href=\"#\" id=\"product_id_667\" class=\"owp-quick-view\" data-product_id=\"667\" aria-label=\"Quickly preview product Cadre 0097\"><i class=\" icon-eye\" aria-hidden=\"true\" role=\"img\"><\/i> Vue rapide<\/a>\t<\/div><!-- .woo-entry-image-swap -->\r\n\r\n<\/li><li class=\"title\"><h2><a href=\"https:\/\/laminedart.ca\/?product=cadre-0097\">Cadre 0097<\/a><\/h2><\/li><\/ul><\/div><!-- .product-inner .clr --><\/li>\n<\/ul>\n<\/div><\/div>\n\t\t\t\t\t\t<\/div>\n\t\t\t\t<\/div>\n\t\t\t\t\t<\/div>\n\t\t\t\t<\/div>\n\t\t\t\t<\/div>\n\t\t","protected":false},"excerpt":{"rendered":"<p>Site en construction Sp\u00e9cialiste en location de D\u00e9cors pour le cin\u00e9ma -Cadres -Image -Impression \u00a0 Les nouveaut\u00e9s !!<\/p>\n","protected":false},"author":1,"featured_media":0,"parent":0,"menu_order":0,"comment_status":"closed","ping_status":"closed","template":"","meta":{"ocean_post_layout":"","ocean_both_sidebars_style":"","ocean_both_sidebars_content_width":0,"ocean_both_sidebars_sidebars_width":0,"ocean_sidebar":"","ocean_second_sidebar":"","ocean_disable_margins":"enable","ocean_add_body_class":"","ocean_shortcode_before_top_bar":"","ocean_shortcode_after_top_bar":"","ocean_shortcode_before_header":"","ocean_shortcode_after_header":"","ocean_has_shortcode":"","ocean_shortcode_after_title":"","ocean_shortcode_before_footer_widgets":"","ocean_shortcode_after_footer_widgets":"","ocean_shortcode_before_footer_bottom":"","ocean_shortcode_after_footer_bottom":"","ocean_display_top_bar":"default","ocean_display_header":"default","ocean_header_style":"","ocean_center_header_left_menu":"","ocean_custom_header_template":"","ocean_custom_logo":0,"ocean_custom_retina_logo":0,"ocean_custom_logo_max_width":0,"ocean_custom_logo_tablet_max_width":0,"ocean_custom_logo_mobile_max_width":0,"ocean_custom_logo_max_height":0,"ocean_custom_logo_tablet_max_height":0,"ocean_custom_logo_mobile_max_height":0,"ocean_header_custom_menu":"","ocean_menu_typo_font_family":"","ocean_menu_typo_font_subset":"","ocean_menu_typo_font_size":0,"ocean_menu_typo_font_size_tablet":0,"ocean_menu_typo_font_size_mobile":0,"ocean_menu_typo_font_size_unit":"px","ocean_menu_typo_font_weight":"","ocean_menu_typo_font_weight_tablet":"","ocean_menu_typo_font_weight_mobile":"","ocean_menu_typo_transform":"","ocean_menu_typo_transform_tablet":"","ocean_menu_typo_transform_mobile":"","ocean_menu_typo_line_height":0,"ocean_menu_typo_line_height_tablet":0,"ocean_menu_typo_line_height_mobile":0,"ocean_menu_typo_line_height_unit":"","ocean_menu_typo_spacing":0,"ocean_menu_typo_spacing_tablet":0,"ocean_menu_typo_spacing_mobile":0,"ocean_menu_typo_spacing_unit":"","ocean_menu_link_color":"","ocean_menu_link_color_hover":"","ocean_menu_link_color_active":"","ocean_menu_link_background":"","ocean_menu_link_hover_background":"","ocean_menu_link_active_background":"","ocean_menu_social_links_bg":"","ocean_menu_social_hover_links_bg":"","ocean_menu_social_links_color":"","ocean_menu_social_hover_links_color":"","ocean_disable_title":"default","ocean_disable_heading":"default","ocean_post_title":"","ocean_post_subheading":"","ocean_post_title_style":"","ocean_post_title_background_color":"","ocean_post_title_background":0,"ocean_post_title_bg_image_position":"","ocean_post_title_bg_image_attachment":"","ocean_post_title_bg_image_repeat":"","ocean_post_title_bg_image_size":"","ocean_post_title_height":0,"ocean_post_title_bg_overlay":0.5,"ocean_post_title_bg_overlay_color":"","ocean_disable_breadcrumbs":"default","ocean_breadcrumbs_color":"","ocean_breadcrumbs_separator_color":"","ocean_breadcrumbs_links_color":"","ocean_breadcrumbs_links_hover_color":"","ocean_display_footer_widgets":"default","ocean_display_footer_bottom":"default","ocean_custom_footer_template":"","footnotes":""},"class_list":["post-129","page","type-page","status-publish","hentry","entry","owp-thumbs-layout-horizontal","owp-btn-normal","owp-tabs-layout-horizontal","has-no-thumbnails","has-product-nav"],"jetpack_sharing_enabled":true,"_links":{"self":[{"href":"https:\/\/laminedart.ca\/index.php?rest_route=\/wp\/v2\/pages\/129","targetHints":{"allow":["GET"]}}],"collection":[{"href":"https:\/\/laminedart.ca\/index.php?rest_route=\/wp\/v2\/pages"}],"about":[{"href":"https:\/\/laminedart.ca\/index.php?rest_route=\/wp\/v2\/types\/page"}],"author":[{"embeddable":true,"href":"https:\/\/laminedart.ca\/index.php?rest_route=\/wp\/v2\/users\/1"}],"replies":[{"embeddable":true,"href":"https:\/\/laminedart.ca\/index.php?rest_route=%2Fwp%2Fv2%2Fcomments&post=129"}],"version-history":[{"count":37,"href":"https:\/\/laminedart.ca\/index.php?rest_route=\/wp\/v2\/pages\/129\/revisions"}],"predecessor-version":[{"id":805,"href":"https:\/\/laminedart.ca\/index.php?rest_route=\/wp\/v2\/pages\/129\/revisions\/805"}],"wp:attachment":[{"href":"https:\/\/laminedart.ca\/index.php?rest_route=%2Fwp%2Fv2%2Fmedia&parent=129"}],"curies":[{"name":"wp","href":"https:\/\/api.w.org\/{rel}","templated":true}]}}