{"id":76,"date":"2023-12-14T15:23:49","date_gmt":"2023-12-14T20:23:49","guid":{"rendered":"https:\/\/laminedart.ca\/?page_id=76"},"modified":"2023-12-14T21:25:20","modified_gmt":"2023-12-15T02:25:20","slug":"mentions-legales","status":"publish","type":"page","link":"https:\/\/laminedart.ca\/?page_id=76","title":{"rendered":"Mentions l\u00e9gales"},"content":{"rendered":"\n<p>MENTIONS L\u00c9GALES<br>En vigueur au _____2023__________<br>Conform\u00e9ment aux dispositions des Articles 6-III et 19 de la Loi n\u00b02004-575 du 21 juin 2004 pour la<br>Confiance dans l\u2019\u00e9conomie num\u00e9rique, dite L.C.E.N., il est port\u00e9 \u00e0 la connaissance des utilisateurs et<br>visiteurs, ci-apr\u00e8s l\u00a0\u00bb\u00a0\u00bbUtilisateur\u00a0\u00bb, du site laminedart.ca , ci-apr\u00e8s le \u00ab\u00a0Site\u00a0\u00bb, les pr\u00e9sentes mentions<br>l\u00e9gales.<br>La connexion et la navigation sur le Site par l\u2019Utilisateur implique acceptation int\u00e9grale et sans<br>r\u00e9serve des pr\u00e9sentes mentions l\u00e9gales.<br>Ces derni\u00e8res sont accessibles sur le Site \u00e0 la rubrique \u00ab Mentions l\u00e9gales \u00bb.<br>ARTICLE 1 &#8211; L&rsquo;EDITEUR<br>L\u2019\u00e9dition et la direction de la publication du Site est assur\u00e9e par la mine d&rsquo;art, domicili\u00e9e 5795 de<br>Gasp\u00e9, dont le num\u00e9ro de t\u00e9l\u00e9phone est _______________, et l&rsquo;adresse e-mail<br>laminedart.ca@gmail.com.<br>ci-apr\u00e8s l'\u00a0\u00bbEditeur\u00a0\u00bb.<br>ARTICLE 2 &#8211; L&rsquo;HEBERGEUR<br>L&rsquo;h\u00e9bergeur du Site est la soci\u00e9t\u00e9 _______________, dont le si\u00e8ge social est situ\u00e9 au<br>_______________ , avec le num\u00e9ro de t\u00e9l\u00e9phone : _______________ + adresse mail de contact<br>ARTICLE 3 &#8211; ACCES AU SITE<br>Le Site est accessible en tout endroit, 7j\/7, 24h\/24 sauf cas de force majeure, interruption<br>programm\u00e9e ou non et pouvant d\u00e9coulant d\u2019une n\u00e9cessit\u00e9 de maintenance.<br>En cas de modification, interruption ou suspension du Site, l&rsquo;Editeur ne saurait \u00eatre tenu responsable.<br>ARTICLE 4 &#8211; COLLECTE DES DONNEES<br>Le site est exempt\u00e9 de d\u00e9claration \u00e0 la Commission Nationale Informatique et Libert\u00e9s (CNIL) dans la<br>mesure o\u00f9 il ne collecte aucune donn\u00e9e concernant les utilisateurs.<br>Toute utilisation, reproduction, diffusion, commercialisation, modification de toute ou partie du Site,<br>sans autorisation de l\u2019Editeur est prohib\u00e9e et pourra entra\u00een\u00e9e des actions et poursuites judiciaires<br>telles que notamment pr\u00e9vues par le Code de la propri\u00e9t\u00e9 intellectuelle et le Code civil.<br>1<\/p>\n","protected":false},"excerpt":{"rendered":"<p>MENTIONS L\u00c9GALESEn vigueur au _____2023__________Conform\u00e9ment aux dispositions des Articles 6-III et 19 de la Loi n\u00b02004-575 du 21 juin 2004 pour laConfiance dans l\u2019\u00e9conomie num\u00e9rique, dite L.C.E.N., il est port\u00e9 \u00e0 la connaissance des utilisateurs etvisiteurs, ci-apr\u00e8s l\u00a0\u00bb\u00a0\u00bbUtilisateur\u00a0\u00bb, du site laminedart.ca , ci-apr\u00e8s le \u00ab\u00a0Site\u00a0\u00bb, les pr\u00e9sentes mentionsl\u00e9gales.La connexion et la navigation sur le Site [&hellip;]<\/p>\n","protected":false},"author":1,"featured_media":0,"parent":0,"menu_order":0,"comment_status":"closed","ping_status":"closed","template":"","meta":{"ocean_post_layout":"","ocean_both_sidebars_style":"","ocean_both_sidebars_content_width":0,"ocean_both_sidebars_sidebars_width":0,"ocean_sidebar":"","ocean_second_sidebar":"","ocean_disable_margins":"enable","ocean_add_body_class":"","ocean_shortcode_before_top_bar":"","ocean_shortcode_after_top_bar":"","ocean_shortcode_before_header":"","ocean_shortcode_after_header":"","ocean_has_shortcode":"","ocean_shortcode_after_title":"","ocean_shortcode_before_footer_widgets":"","ocean_shortcode_after_footer_widgets":"","ocean_shortcode_before_footer_bottom":"","ocean_shortcode_after_footer_bottom":"","ocean_display_top_bar":"default","ocean_display_header":"default","ocean_header_style":"","ocean_center_header_left_menu":"","ocean_custom_header_template":"","ocean_custom_logo":0,"ocean_custom_retina_logo":0,"ocean_custom_logo_max_width":0,"ocean_custom_logo_tablet_max_width":0,"ocean_custom_logo_mobile_max_width":0,"ocean_custom_logo_max_height":0,"ocean_custom_logo_tablet_max_height":0,"ocean_custom_logo_mobile_max_height":0,"ocean_header_custom_menu":"","ocean_menu_typo_font_family":"","ocean_menu_typo_font_subset":"","ocean_menu_typo_font_size":0,"ocean_menu_typo_font_size_tablet":0,"ocean_menu_typo_font_size_mobile":0,"ocean_menu_typo_font_size_unit":"px","ocean_menu_typo_font_weight":"","ocean_menu_typo_font_weight_tablet":"","ocean_menu_typo_font_weight_mobile":"","ocean_menu_typo_transform":"","ocean_menu_typo_transform_tablet":"","ocean_menu_typo_transform_mobile":"","ocean_menu_typo_line_height":0,"ocean_menu_typo_line_height_tablet":0,"ocean_menu_typo_line_height_mobile":0,"ocean_menu_typo_line_height_unit":"","ocean_menu_typo_spacing":0,"ocean_menu_typo_spacing_tablet":0,"ocean_menu_typo_spacing_mobile":0,"ocean_menu_typo_spacing_unit":"","ocean_menu_link_color":"","ocean_menu_link_color_hover":"","ocean_menu_link_color_active":"","ocean_menu_link_background":"","ocean_menu_link_hover_background":"","ocean_menu_link_active_background":"","ocean_menu_social_links_bg":"","ocean_menu_social_hover_links_bg":"","ocean_menu_social_links_color":"","ocean_menu_social_hover_links_color":"","ocean_disable_title":"default","ocean_disable_heading":"default","ocean_post_title":"","ocean_post_subheading":"","ocean_post_title_style":"","ocean_post_title_background_color":"","ocean_post_title_background":0,"ocean_post_title_bg_image_position":"","ocean_post_title_bg_image_attachment":"","ocean_post_title_bg_image_repeat":"","ocean_post_title_bg_image_size":"","ocean_post_title_height":0,"ocean_post_title_bg_overlay":0.5,"ocean_post_title_bg_overlay_color":"","ocean_disable_breadcrumbs":"default","ocean_breadcrumbs_color":"","ocean_breadcrumbs_separator_color":"","ocean_breadcrumbs_links_color":"","ocean_breadcrumbs_links_hover_color":"","ocean_display_footer_widgets":"default","ocean_display_footer_bottom":"default","ocean_custom_footer_template":"","footnotes":""},"class_list":["post-76","page","type-page","status-publish","hentry","entry","owp-thumbs-layout-horizontal","owp-btn-normal","owp-tabs-layout-horizontal","has-no-thumbnails","has-product-nav"],"jetpack_sharing_enabled":true,"_links":{"self":[{"href":"https:\/\/laminedart.ca\/index.php?rest_route=\/wp\/v2\/pages\/76","targetHints":{"allow":["GET"]}}],"collection":[{"href":"https:\/\/laminedart.ca\/index.php?rest_route=\/wp\/v2\/pages"}],"about":[{"href":"https:\/\/laminedart.ca\/index.php?rest_route=\/wp\/v2\/types\/page"}],"author":[{"embeddable":true,"href":"https:\/\/laminedart.ca\/index.php?rest_route=\/wp\/v2\/users\/1"}],"replies":[{"embeddable":true,"href":"https:\/\/laminedart.ca\/index.php?rest_route=%2Fwp%2Fv2%2Fcomments&post=76"}],"version-history":[{"count":2,"href":"https:\/\/laminedart.ca\/index.php?rest_route=\/wp\/v2\/pages\/76\/revisions"}],"predecessor-version":[{"id":151,"href":"https:\/\/laminedart.ca\/index.php?rest_route=\/wp\/v2\/pages\/76\/revisions\/151"}],"wp:attachment":[{"href":"https:\/\/laminedart.ca\/index.php?rest_route=%2Fwp%2Fv2%2Fmedia&parent=76"}],"curies":[{"name":"wp","href":"https:\/\/api.w.org\/{rel}","templated":true}]}}