{"id":17,"date":"2023-12-12T13:11:55","date_gmt":"2023-12-12T18:11:55","guid":{"rendered":"https:\/\/laminedart.ca\/?post_type=product&#038;p=17"},"modified":"2024-01-31T14:53:56","modified_gmt":"2024-01-31T19:53:56","slug":"portable-hp-g3","status":"publish","type":"product","link":"https:\/\/laminedart.ca\/?product=portable-hp-g3","title":{"rendered":"Portable HP G3"},"content":{"rendered":"<p>https:\/\/support.hp.com\/ie-en\/document\/c04912976<\/p>\n<ul class=\"a-unordered-list a-vertical a-spacing-mini\">\n<li class=\"a-spacing-mini\"><span class=\"a-list-item\">Processeur Intel Core i5-6200U avec Intel HD Graphics 520 (2,3 GHz, jusqu&rsquo;\u00e0 2,8 GHz avec technologie Intel Turbo Boost, 3 Mo de cache, 2 c\u0153urs). <\/span><\/li>\n<li class=\"a-spacing-mini\"><span class=\"a-list-item\"> M\u00e9moire : 8 Go DDR4-2133 SDRAM (1 x 8 Go). <\/span><\/li>\n<li class=\"a-spacing-mini\"><span class=\"a-list-item\"> \u00c9cran : 15,6 pouces diagonale FHD SVA antireflet LED r\u00e9tro\u00e9clair\u00e9 (1920 x 1080). <\/span><\/li>\n<li class=\"a-spacing-mini\"><span class=\"a-list-item\"> Syst\u00e8me d&rsquo;exploitation : Windows 7 Professional 64 (disponible via les droits de d\u00e9classement de Windows 10 Pro 64). <\/span><\/li>\n<li class=\"a-spacing-mini\"><span class=\"a-list-item\"> Stockage : SSD mSATA 256 Go. <\/span><\/li>\n<\/ul>\n","protected":false},"excerpt":{"rendered":"<p>https:\/\/support.hp.com\/ie-en\/document\/c04912976 Processeur Intel Core i5-6200U avec Intel HD Graphics 520 (2,3 GHz, jusqu&rsquo;\u00e0 2,8 GHz avec technologie Intel Turbo Boost, 3 Mo de cache, 2 c\u0153urs). M\u00e9moire : 8 Go DDR4-2133 SDRAM (1 x 8 Go). \u00c9cran : 15,6 pouces diagonale FHD SVA antireflet LED r\u00e9tro\u00e9clair\u00e9 (1920 x 1080). Syst\u00e8me d&rsquo;exploitation : Windows 7 Professional [&hellip;]<\/p>\n","protected":false},"featured_media":18,"comment_status":"open","ping_status":"closed","template":"","meta":{"ocean_post_layout":"","ocean_both_sidebars_style":"","ocean_both_sidebars_content_width":0,"ocean_both_sidebars_sidebars_width":0,"ocean_sidebar":"","ocean_second_sidebar":"","ocean_disable_margins":"enable","ocean_add_body_class":"","ocean_shortcode_before_top_bar":"","ocean_shortcode_after_top_bar":"","ocean_shortcode_before_header":"","ocean_shortcode_after_header":"","ocean_has_shortcode":"","ocean_shortcode_after_title":"","ocean_shortcode_before_footer_widgets":"","ocean_shortcode_after_footer_widgets":"","ocean_shortcode_before_footer_bottom":"","ocean_shortcode_after_footer_bottom":"","ocean_display_top_bar":"default","ocean_display_header":"default","ocean_header_style":"","ocean_center_header_left_menu":"","ocean_custom_header_template":"","ocean_custom_logo":0,"ocean_custom_retina_logo":0,"ocean_custom_logo_max_width":0,"ocean_custom_logo_tablet_max_width":0,"ocean_custom_logo_mobile_max_width":0,"ocean_custom_logo_max_height":0,"ocean_custom_logo_tablet_max_height":0,"ocean_custom_logo_mobile_max_height":0,"ocean_header_custom_menu":"","ocean_menu_typo_font_family":"","ocean_menu_typo_font_subset":"","ocean_menu_typo_font_size":0,"ocean_menu_typo_font_size_tablet":0,"ocean_menu_typo_font_size_mobile":0,"ocean_menu_typo_font_size_unit":"px","ocean_menu_typo_font_weight":"","ocean_menu_typo_font_weight_tablet":"","ocean_menu_typo_font_weight_mobile":"","ocean_menu_typo_transform":"","ocean_menu_typo_transform_tablet":"","ocean_menu_typo_transform_mobile":"","ocean_menu_typo_line_height":0,"ocean_menu_typo_line_height_tablet":0,"ocean_menu_typo_line_height_mobile":0,"ocean_menu_typo_line_height_unit":"","ocean_menu_typo_spacing":0,"ocean_menu_typo_spacing_tablet":0,"ocean_menu_typo_spacing_mobile":0,"ocean_menu_typo_spacing_unit":"","ocean_menu_link_color":"","ocean_menu_link_color_hover":"","ocean_menu_link_color_active":"","ocean_menu_link_background":"","ocean_menu_link_hover_background":"","ocean_menu_link_active_background":"","ocean_menu_social_links_bg":"","ocean_menu_social_hover_links_bg":"","ocean_menu_social_links_color":"","ocean_menu_social_hover_links_color":"","ocean_disable_title":"default","ocean_disable_heading":"default","ocean_post_title":"","ocean_post_subheading":"","ocean_post_title_style":"","ocean_post_title_background_color":"","ocean_post_title_background":0,"ocean_post_title_bg_image_position":"","ocean_post_title_bg_image_attachment":"","ocean_post_title_bg_image_repeat":"","ocean_post_title_bg_image_size":"","ocean_post_title_height":0,"ocean_post_title_bg_overlay":0,"ocean_post_title_bg_overlay_color":"","ocean_disable_breadcrumbs":"default","ocean_breadcrumbs_color":"","ocean_breadcrumbs_separator_color":"","ocean_breadcrumbs_links_color":"","ocean_breadcrumbs_links_hover_color":"","ocean_display_footer_widgets":"default","ocean_display_footer_bottom":"default","ocean_custom_footer_template":""},"product_brand":[],"product_cat":[29],"product_tag":[18,19],"class_list":{"0":"post-17","1":"product","2":"type-product","3":"status-publish","4":"has-post-thumbnail","6":"product_cat-portable","7":"product_tag-ordinateur","8":"product_tag-portable","10":"entry","11":"has-media","13":"first","14":"instock","15":"taxable","16":"shipping-taxable","17":"purchasable","18":"product-type-simple","19":"has-product-nav","20":"col","21":"span_1_of_4","22":"owp-content-center","23":"owp-thumbs-layout-horizontal","24":"owp-btn-normal","25":"owp-tabs-layout-horizontal","26":"has-no-thumbnails"},"jetpack_sharing_enabled":true,"_links":{"self":[{"href":"https:\/\/laminedart.ca\/index.php?rest_route=\/wp\/v2\/product\/17","targetHints":{"allow":["GET"]}}],"collection":[{"href":"https:\/\/laminedart.ca\/index.php?rest_route=\/wp\/v2\/product"}],"about":[{"href":"https:\/\/laminedart.ca\/index.php?rest_route=\/wp\/v2\/types\/product"}],"replies":[{"embeddable":true,"href":"https:\/\/laminedart.ca\/index.php?rest_route=%2Fwp%2Fv2%2Fcomments&post=17"}],"wp:featuredmedia":[{"embeddable":true,"href":"https:\/\/laminedart.ca\/index.php?rest_route=\/wp\/v2\/media\/18"}],"wp:attachment":[{"href":"https:\/\/laminedart.ca\/index.php?rest_route=%2Fwp%2Fv2%2Fmedia&parent=17"}],"wp:term":[{"taxonomy":"product_brand","embeddable":true,"href":"https:\/\/laminedart.ca\/index.php?rest_route=%2Fwp%2Fv2%2Fproduct_brand&post=17"},{"taxonomy":"product_cat","embeddable":true,"href":"https:\/\/laminedart.ca\/index.php?rest_route=%2Fwp%2Fv2%2Fproduct_cat&post=17"},{"taxonomy":"product_tag","embeddable":true,"href":"https:\/\/laminedart.ca\/index.php?rest_route=%2Fwp%2Fv2%2Fproduct_tag&post=17"}],"curies":[{"name":"wp","href":"https:\/\/api.w.org\/{rel}","templated":true}]}}